{"id":138,"date":"2020-01-19T12:24:01","date_gmt":"2020-01-19T17:24:01","guid":{"rendered":"https:\/\/cloud.csiss.gmu.edu\/center\/?page_id=138"},"modified":"2022-01-04T16:29:30","modified_gmt":"2022-01-04T21:29:30","slug":"book-chapters","status":"publish","type":"page","link":"https:\/\/cloud.csiss.gmu.edu\/center\/publications\/book-chapters\/","title":{"rendered":"Book Chapters"},"content":{"rendered":"<p>Di, L. (2021). <em>Agro-geoinformatics: Theory and Practice<\/em>. Springer Nature.<\/p>\n<p>Di, L., &amp; Sun, Z. (2021). Big data and its applications in agro-geoinformatics. In <em>Agro-geoinformatics<\/em> (pp. 143\u2013162). Springer.<\/p>\n<p>Lin, L., &amp; Zhang, C. (2021). Land Parcel Identification. In L. Di &amp; B. \u00dcst\u00fcnda\u011f (Eds.), <em>Agro-geoinformatics: Theory and Practice<\/em> (pp. 163\u2013174). Springer International Publishing. <a href=\"https:\/\/doi.org\/10.1007\/978-3-030-66387-2_9\">https:\/\/doi.org\/10.1007\/978-3-030-66387-2_9<\/a><\/p>\n<p>Zhang, C., &amp; Lin, L. (2021). Image Processing Methods in Agricultural Observation Systems. In L. Di &amp; B. \u00dcst\u00fcnda\u011f (Eds.), <em>Agro-geoinformatics: Theory and Practice<\/em> (pp. 81\u2013102). Springer International Publishing. <a href=\"https:\/\/doi.org\/10.1007\/978-3-030-66387-2_6\">https:\/\/doi.org\/10.1007\/978-3-030-66387-2_6<\/a><\/p>\n<p>Di, L., &amp; \u00dcst\u00fcnda\u011f, B. (2021). Introduction to Agro-Geoinformatics: Theory and Practices. <em>Agro-Geoinformatics: Theory and Practice<\/em>, 1.<\/p>\n<p>Hu, L., Di, L., &amp; Yue, P. (2021). Design and Implementation of Geospatial Data Services for Agriculture. <em>Agro-Geoinformatics: Theory and Practice<\/em>, 385.<\/p>\n<p>Sun, Z., Di, L., Fang, H., Guo, L., Tan, X., Jiang, L., &amp; Chen, Z. (2021). Agro-geoinformatics Data Sources and Sourcing. <em>Agro-Geoinformatics: Theory and Practice<\/em>, 41.<\/p>\n<p>Yagci, Y., Ali Levent, Santanello, J.A., Rodell, M., Deng, M., Di, L., 2018. A Comparison of Satellite Data-Based Drought Indicators in Detecting the 2012 Drought in the Southeastern US, in: Remote Sensing of Hydrometeorological Hazards. CRC-Press &#8211; Taylor &amp; Francis Group.<\/p>\n<p>Di, L., 2018. Land-Use Patterns and Land-Use Change, in: Changing China. https:\/\/doi.org\/10.4324\/9780429501760-2<\/p>\n","protected":false},"excerpt":{"rendered":"<p>Di, L. (2021). Agro-geoinformatics: Theory and Practice. Springer Nature. Di, L., &amp; Sun, Z. (2021). Big data and its applications in agro-geoinformatics. In Agro-geoinformatics (pp. 143\u2013162). Springer. Lin, L., &amp; Zhang, C. (2021). Land&#46;&#46;&#46;<\/p>\n","protected":false},"author":1,"featured_media":0,"parent":9,"menu_order":0,"comment_status":"closed","ping_status":"closed","template":"","meta":{"spay_email":""},"_links":{"self":[{"href":"https:\/\/cloud.csiss.gmu.edu\/center\/wp-json\/wp\/v2\/pages\/138"}],"collection":[{"href":"https:\/\/cloud.csiss.gmu.edu\/center\/wp-json\/wp\/v2\/pages"}],"about":[{"href":"https:\/\/cloud.csiss.gmu.edu\/center\/wp-json\/wp\/v2\/types\/page"}],"author":[{"embeddable":true,"href":"https:\/\/cloud.csiss.gmu.edu\/center\/wp-json\/wp\/v2\/users\/1"}],"replies":[{"embeddable":true,"href":"https:\/\/cloud.csiss.gmu.edu\/center\/wp-json\/wp\/v2\/comments?post=138"}],"version-history":[{"count":3,"href":"https:\/\/cloud.csiss.gmu.edu\/center\/wp-json\/wp\/v2\/pages\/138\/revisions"}],"predecessor-version":[{"id":557,"href":"https:\/\/cloud.csiss.gmu.edu\/center\/wp-json\/wp\/v2\/pages\/138\/revisions\/557"}],"up":[{"embeddable":true,"href":"https:\/\/cloud.csiss.gmu.edu\/center\/wp-json\/wp\/v2\/pages\/9"}],"wp:attachment":[{"href":"https:\/\/cloud.csiss.gmu.edu\/center\/wp-json\/wp\/v2\/media?parent=138"}],"curies":[{"name":"wp","href":"https:\/\/api.w.org\/{rel}","templated":true}]}}